{"id":3780,"date":"2024-11-05T19:41:34","date_gmt":"2024-11-05T19:41:34","guid":{"rendered":"https:\/\/somoscanayas.com\/?page_id=3780"},"modified":"2026-01-19T16:51:39","modified_gmt":"2026-01-19T16:51:39","slug":"curso-de-arroces","status":"publish","type":"page","link":"https:\/\/somoscanayas.com\/en\/curso-de-arroces\/","title":{"rendered":"Dry Rice and Paellas"},"content":{"rendered":"<div data-elementor-type=\"wp-post\" data-elementor-id=\"3780\" class=\"elementor elementor-3780\">\n\t\t\t\t\t\t<section class=\"elementor-section elementor-top-section elementor-element elementor-element-7a67003e elementor-section-content-bottom elementor-section-boxed elementor-section-height-default elementor-section-height-default\" data-id=\"7a67003e\" data-element_type=\"section\" data-e-type=\"section\" data-settings=\"{&quot;background_background&quot;:&quot;classic&quot;}\">\n\t\t\t\t\t\t\t<div class=\"elementor-background-overlay\"><\/div>\n\t\t\t\t\t\t\t<div class=\"elementor-container elementor-column-gap-no\">\n\t\t\t\t\t<div class=\"elementor-column elementor-col-100 elementor-top-column elementor-element elementor-element-33d4ffce\" data-id=\"33d4ffce\" data-element_type=\"column\" data-e-type=\"column\">\n\t\t\t<div class=\"elementor-widget-wrap elementor-element-populated\">\n\t\t\t\t\t\t<div class=\"elementor-element elementor-element-7177b13c elementor-widget elementor-widget-heading\" data-id=\"7177b13c\" data-element_type=\"widget\" data-e-type=\"widget\" data-widget_type=\"heading.default\">\n\t\t\t\t<div class=\"elementor-widget-container\">\n\t\t\t\t\t<h1 class=\"elementor-heading-title elementor-size-default\">Dry Rice and Paellas<\/h1>\t\t\t\t<\/div>\n\t\t\t\t<\/div>\n\t\t\t\t\t<\/div>\n\t\t<\/div>\n\t\t\t\t\t<\/div>\n\t\t<\/section>\n\t\t\t\t<section class=\"elementor-section elementor-top-section elementor-element elementor-element-6aad2d1 elementor-section-content-middle elementor-section-boxed elementor-section-height-default elementor-section-height-default\" data-id=\"6aad2d1\" data-element_type=\"section\" data-e-type=\"section\" data-settings=\"{&quot;background_background&quot;:&quot;classic&quot;}\">\n\t\t\t\t\t\t<div class=\"elementor-container elementor-column-gap-no\">\n\t\t\t\t\t<div class=\"elementor-column elementor-col-100 elementor-top-column elementor-element elementor-element-3b917d8d\" data-id=\"3b917d8d\" data-element_type=\"column\" data-e-type=\"column\">\n\t\t\t<div class=\"elementor-widget-wrap elementor-element-populated\">\n\t\t\t\t\t\t<div class=\"elementor-element elementor-element-306512da elementor-widget elementor-widget-heading\" data-id=\"306512da\" data-element_type=\"widget\" data-e-type=\"widget\" data-widget_type=\"heading.default\">\n\t\t\t\t<div class=\"elementor-widget-container\">\n\t\t\t\t\t<h2 class=\"elementor-heading-title elementor-size-default\">Dry rice course in Mallorca: learn how to make paella step by step<\/h2>\t\t\t\t<\/div>\n\t\t\t\t<\/div>\n\t\t\t\t<div class=\"elementor-element elementor-element-187d7025 elementor-widget-divider--view-line elementor-widget elementor-widget-divider\" data-id=\"187d7025\" data-element_type=\"widget\" data-e-type=\"widget\" data-widget_type=\"divider.default\">\n\t\t\t\t<div class=\"elementor-widget-container\">\n\t\t\t\t\t\t\t<div class=\"elementor-divider\">\n\t\t\t<span class=\"elementor-divider-separator\">\n\t\t\t\t\t\t<\/span>\n\t\t<\/div>\n\t\t\t\t\t\t<\/div>\n\t\t\t\t<\/div>\n\t\t\t\t\t<\/div>\n\t\t<\/div>\n\t\t\t\t\t<\/div>\n\t\t<\/section>\n\t\t\t\t<section class=\"elementor-section elementor-top-section elementor-element elementor-element-649e357 elementor-section-boxed elementor-section-height-default elementor-section-height-default\" data-id=\"649e357\" data-element_type=\"section\" data-e-type=\"section\" data-settings=\"{&quot;background_background&quot;:&quot;classic&quot;}\">\n\t\t\t\t\t\t<div class=\"elementor-container elementor-column-gap-default\">\n\t\t\t\t\t<div class=\"elementor-column elementor-col-20 elementor-top-column elementor-element elementor-element-af038e2\" data-id=\"af038e2\" data-element_type=\"column\" data-e-type=\"column\">\n\t\t\t<div class=\"elementor-widget-wrap elementor-element-populated\">\n\t\t\t\t\t\t<div class=\"elementor-element elementor-element-8d4d24d elementor-view-default elementor-position-block-start elementor-mobile-position-block-start elementor-widget elementor-widget-icon-box\" data-id=\"8d4d24d\" data-element_type=\"widget\" data-e-type=\"widget\" data-widget_type=\"icon-box.default\">\n\t\t\t\t<div class=\"elementor-widget-container\">\n\t\t\t\t\t\t\t<div class=\"elementor-icon-box-wrapper\">\n\n\t\t\t\t\t\t<div class=\"elementor-icon-box-icon\">\n\t\t\t\t<span  class=\"elementor-icon\">\n\t\t\t\t<i aria-hidden=\"true\" class=\"fas fa-shopping-basket\"><\/i>\t\t\t\t<\/span>\n\t\t\t<\/div>\n\t\t\t\n\t\t\t\t\t\t<div class=\"elementor-icon-box-content\">\n\n\t\t\t\t\t\t\t\t\t<h3 class=\"elementor-icon-box-title\">\n\t\t\t\t\t\t<span  >\n\t\t\t\t\t\t\tWe do the grocery shopping for you\t\t\t\t\t\t<\/span>\n\t\t\t\t\t<\/h3>\n\t\t\t\t\n\t\t\t\t\n\t\t\t<\/div>\n\t\t\t\n\t\t<\/div>\n\t\t\t\t\t\t<\/div>\n\t\t\t\t<\/div>\n\t\t\t\t\t<\/div>\n\t\t<\/div>\n\t\t\t\t<div class=\"elementor-column elementor-col-20 elementor-top-column elementor-element elementor-element-cb6aa50\" data-id=\"cb6aa50\" data-element_type=\"column\" data-e-type=\"column\">\n\t\t\t<div class=\"elementor-widget-wrap elementor-element-populated\">\n\t\t\t\t\t\t<div class=\"elementor-element elementor-element-1f5100a elementor-view-default elementor-position-block-start elementor-mobile-position-block-start elementor-widget elementor-widget-icon-box\" data-id=\"1f5100a\" data-element_type=\"widget\" data-e-type=\"widget\" data-widget_type=\"icon-box.default\">\n\t\t\t\t<div class=\"elementor-widget-container\">\n\t\t\t\t\t\t\t<div class=\"elementor-icon-box-wrapper\">\n\n\t\t\t\t\t\t<div class=\"elementor-icon-box-icon\">\n\t\t\t\t<span  class=\"elementor-icon\">\n\t\t\t\t<i aria-hidden=\"true\" class=\"fas fa-glass-martini-alt\"><\/i>\t\t\t\t<\/span>\n\t\t\t<\/div>\n\t\t\t\n\t\t\t\t\t\t<div class=\"elementor-icon-box-content\">\n\n\t\t\t\t\t\t\t\t\t<h3 class=\"elementor-icon-box-title\">\n\t\t\t\t\t\t<span  >\n\t\t\t\t\t\t\tWelcome drink\t\t\t\t\t\t<\/span>\n\t\t\t\t\t<\/h3>\n\t\t\t\t\n\t\t\t\t\n\t\t\t<\/div>\n\t\t\t\n\t\t<\/div>\n\t\t\t\t\t\t<\/div>\n\t\t\t\t<\/div>\n\t\t\t\t\t<\/div>\n\t\t<\/div>\n\t\t\t\t<div class=\"elementor-column elementor-col-20 elementor-top-column elementor-element elementor-element-86473c8\" data-id=\"86473c8\" data-element_type=\"column\" data-e-type=\"column\">\n\t\t\t<div class=\"elementor-widget-wrap elementor-element-populated\">\n\t\t\t\t\t\t<div class=\"elementor-element elementor-element-ccb5996 elementor-view-default elementor-position-block-start elementor-mobile-position-block-start elementor-widget elementor-widget-icon-box\" data-id=\"ccb5996\" data-element_type=\"widget\" data-e-type=\"widget\" data-widget_type=\"icon-box.default\">\n\t\t\t\t<div class=\"elementor-widget-container\">\n\t\t\t\t\t\t\t<div class=\"elementor-icon-box-wrapper\">\n\n\t\t\t\t\t\t<div class=\"elementor-icon-box-icon\">\n\t\t\t\t<span  class=\"elementor-icon\">\n\t\t\t\t<i aria-hidden=\"true\" class=\"fas fa-mortar-pestle\"><\/i>\t\t\t\t<\/span>\n\t\t\t<\/div>\n\t\t\t\n\t\t\t\t\t\t<div class=\"elementor-icon-box-content\">\n\n\t\t\t\t\t\t\t\t\t<h3 class=\"elementor-icon-box-title\">\n\t\t\t\t\t\t<span  >\n\t\t\t\t\t\t\tPreparation of the menu\t\t\t\t\t\t<\/span>\n\t\t\t\t\t<\/h3>\n\t\t\t\t\n\t\t\t\t\n\t\t\t<\/div>\n\t\t\t\n\t\t<\/div>\n\t\t\t\t\t\t<\/div>\n\t\t\t\t<\/div>\n\t\t\t\t\t<\/div>\n\t\t<\/div>\n\t\t\t\t<div class=\"elementor-column elementor-col-20 elementor-top-column elementor-element elementor-element-d137b95\" data-id=\"d137b95\" data-element_type=\"column\" data-e-type=\"column\">\n\t\t\t<div class=\"elementor-widget-wrap elementor-element-populated\">\n\t\t\t\t\t\t<div class=\"elementor-element elementor-element-99d71a7 elementor-view-default elementor-position-block-start elementor-mobile-position-block-start elementor-widget elementor-widget-icon-box\" data-id=\"99d71a7\" data-element_type=\"widget\" data-e-type=\"widget\" data-widget_type=\"icon-box.default\">\n\t\t\t\t<div class=\"elementor-widget-container\">\n\t\t\t\t\t\t\t<div class=\"elementor-icon-box-wrapper\">\n\n\t\t\t\t\t\t<div class=\"elementor-icon-box-icon\">\n\t\t\t\t<span  class=\"elementor-icon\">\n\t\t\t\t<i aria-hidden=\"true\" class=\"fas fa-utensils\"><\/i>\t\t\t\t<\/span>\n\t\t\t<\/div>\n\t\t\t\n\t\t\t\t\t\t<div class=\"elementor-icon-box-content\">\n\n\t\t\t\t\t\t\t\t\t<h3 class=\"elementor-icon-box-title\">\n\t\t\t\t\t\t<span  >\n\t\t\t\t\t\t\tTasting of the dishes\t\t\t\t\t\t<\/span>\n\t\t\t\t\t<\/h3>\n\t\t\t\t\n\t\t\t\t\n\t\t\t<\/div>\n\t\t\t\n\t\t<\/div>\n\t\t\t\t\t\t<\/div>\n\t\t\t\t<\/div>\n\t\t\t\t\t<\/div>\n\t\t<\/div>\n\t\t\t\t<div class=\"elementor-column elementor-col-20 elementor-top-column elementor-element elementor-element-c2f9bcf\" data-id=\"c2f9bcf\" data-element_type=\"column\" data-e-type=\"column\">\n\t\t\t<div class=\"elementor-widget-wrap elementor-element-populated\">\n\t\t\t\t\t\t<div class=\"elementor-element elementor-element-50b547f elementor-view-default elementor-position-block-start elementor-mobile-position-block-start elementor-widget elementor-widget-icon-box\" data-id=\"50b547f\" data-element_type=\"widget\" data-e-type=\"widget\" data-widget_type=\"icon-box.default\">\n\t\t\t\t<div class=\"elementor-widget-container\">\n\t\t\t\t\t\t\t<div class=\"elementor-icon-box-wrapper\">\n\n\t\t\t\t\t\t<div class=\"elementor-icon-box-icon\">\n\t\t\t\t<span  class=\"elementor-icon\">\n\t\t\t\t<i aria-hidden=\"true\" class=\"fas fa-broom\"><\/i>\t\t\t\t<\/span>\n\t\t\t<\/div>\n\t\t\t\n\t\t\t\t\t\t<div class=\"elementor-icon-box-content\">\n\n\t\t\t\t\t\t\t\t\t<h3 class=\"elementor-icon-box-title\">\n\t\t\t\t\t\t<span  >\n\t\t\t\t\t\t\tWe leave everything spotless\t\t\t\t\t\t<\/span>\n\t\t\t\t\t<\/h3>\n\t\t\t\t\n\t\t\t\t\n\t\t\t<\/div>\n\t\t\t\n\t\t<\/div>\n\t\t\t\t\t\t<\/div>\n\t\t\t\t<\/div>\n\t\t\t\t\t<\/div>\n\t\t<\/div>\n\t\t\t\t\t<\/div>\n\t\t<\/section>\n\t\t\t\t<section class=\"elementor-section elementor-top-section elementor-element elementor-element-e7372ef elementor-section-boxed elementor-section-height-default elementor-section-height-default\" data-id=\"e7372ef\" data-element_type=\"section\" data-e-type=\"section\" data-settings=\"{&quot;background_background&quot;:&quot;classic&quot;}\">\n\t\t\t\t\t\t<div class=\"elementor-container elementor-column-gap-default\">\n\t\t\t\t\t<div class=\"elementor-column elementor-col-100 elementor-top-column elementor-element elementor-element-7026ec4\" data-id=\"7026ec4\" data-element_type=\"column\" data-e-type=\"column\">\n\t\t\t<div class=\"elementor-widget-wrap elementor-element-populated\">\n\t\t\t\t\t\t<div class=\"elementor-element elementor-element-24822a22 elementor-widget elementor-widget-text-editor\" data-id=\"24822a22\" data-element_type=\"widget\" data-e-type=\"widget\" data-widget_type=\"text-editor.default\">\n\t\t\t\t<div class=\"elementor-widget-container\">\n\t\t\t\t\t\t\t\t\t<p style=\"text-align: left;\" class=\"translation-block\">The <strong>dry rice course in Mallorca<\/strong> is a gastronomic experience designed for those who want to master the art of paellas and traditional rice dishes in a private setting, either at home or in an exclusive venue. Immerse yourself in the world of rice dishes and master the art of perfect paellas in a course designed for lovers of intense and authentic flavours. This course will teach you everything from the basics to the finishing touches to achieve a dry rice dish full of flavour and texture, all in the comfort of your own home.<\/p><h2 style=\"text-align: left;\"><strong>What does this experience include?<\/strong><\/h2><p style=\"text-align: left;\"><strong>A stylish welcome:<\/strong>We will start with a \u2018Casa Camacho\u2019 style vermouth from Madrid, a glass of white or red wine, or a soft drink to relax and whet your appetite.<br \/><strong>Key concepts and techniques:<\/strong> I will guide you step by step through the basics of preparing paella, from the selection of ingredients to the ideal cooking times.<br \/><strong>Preparation of broths and sofrito:<\/strong>You will learn how to create rich broths and sofritos (including the secret of the salmorreta) which will be the basis of every paella.<br \/><strong>Choice and tasting of paella:<\/strong>At the end, we will put into practice what we have learnt by preparing a paella of your choice from the following options:<\/p><ul><li style=\"text-align: left;\"><strong>Prawn and Cuttlefish Paella<\/strong>: with all the flavour of the sea in every bite.<\/li><li style=\"text-align: left;\"><span style=\"font-size: 16px;\"><strong>Iberian pork and shitake mushroom paella<\/strong>: flavours of the earth that will surprise your guests.<\/span><\/li><li style=\"text-align: left;\"><span style=\"font-size: 16px;\"><strong>Traditional Valencian Paella<\/strong>: the traditional recipe, made according to tradition.<\/span><\/li><li style=\"text-align: left;\"><span style=\"font-size: 16px;\"><strong>Pumpkin, Butifarra and Sobrasada Paella<\/strong>: innovative, with a robust flavour profile and <\/span><span style=\"font-size: 16px;\">atrevido.<\/span><\/li><li style=\"text-align: left;\"><span style=\"font-size: 16px;\"><strong>Personalised Paella:<\/strong> if you have a recipe in mind, let me know and we'll make it happen!<\/span><\/li><\/ul><h2 style=\"text-align: left;\">Modalities: at home or on site<\/h2><ul><li style=\"text-align: left;\"><strong>Home course<\/strong>: The chef will come to your home with all the ingredients and utensils needed to conduct the course in a completely private setting.<\/li><li style=\"text-align: left;\"><strong>On-site course<\/strong>: Enjoy the course in a fully equipped gastronomic space, ideal for groups, celebrations, or team-building activities.<\/li><\/ul><p style=\"text-align: left;\">If you're looking for something different to do with friends or partners, this course is just what you need! We'll cook together, learn cool recipes and, while we're at it, enjoy a few drinks as we prepare and eat what we've made. A fun, relaxed and tasty plan that will make your next get-together unforgettable. Now you can also buy a <a href=\"https:\/\/somoscanayas.com\/en\/bonos-regalo\/\">gift voucher<\/a> for the course<\/p>\t\t\t\t\t\t\t\t<\/div>\n\t\t\t\t<\/div>\n\t\t\t\t\t<\/div>\n\t\t<\/div>\n\t\t\t\t\t<\/div>\n\t\t<\/section>\n\t\t\t\t<\/div>","protected":false},"excerpt":{"rendered":"<p>Arroces secos Curso de arroces secos en Mallorca: aprende paellas paso a paso Hacemos la compra por t\u00ed Aperitivo de bienvenida Elaboraci\u00f3n del men\u00fa Degustaci\u00f3n de los platos Os dejamos todo impecable El curso de arroces secos en Mallorca es una experiencia gastron\u00f3mica pensada para quienes quieren dominar el arte de las paellas y los [&hellip;]<\/p>\n","protected":false},"author":1,"featured_media":0,"parent":0,"menu_order":0,"comment_status":"closed","ping_status":"closed","template":"","meta":{"site-sidebar-layout":"no-sidebar","site-content-layout":"page-builder","ast-site-content-layout":"full-width-container","site-content-style":"unboxed","site-sidebar-style":"unboxed","ast-global-header-display":"","ast-banner-title-visibility":"","ast-main-header-display":"","ast-hfb-above-header-display":"","ast-hfb-below-header-display":"","ast-hfb-mobile-header-display":"","site-post-title":"disabled","ast-breadcrumbs-content":"","ast-featured-img":"disabled","footer-sml-layout":"","ast-disable-related-posts":"","theme-transparent-header-meta":"","adv-header-id-meta":"","stick-header-meta":"","header-above-stick-meta":"","header-main-stick-meta":"","header-below-stick-meta":"","astra-migrate-meta-layouts":"set","ast-page-background-enabled":"default","ast-page-background-meta":{"desktop":{"background-color":"","background-image":"","background-repeat":"repeat","background-position":"center center","background-size":"auto","background-attachment":"scroll","background-type":"","background-media":"","overlay-type":"","overlay-color":"","overlay-opacity":"","overlay-gradient":""},"tablet":{"background-color":"","background-image":"","background-repeat":"repeat","background-position":"center center","background-size":"auto","background-attachment":"scroll","background-type":"","background-media":"","overlay-type":"","overlay-color":"","overlay-opacity":"","overlay-gradient":""},"mobile":{"background-color":"","background-image":"","background-repeat":"repeat","background-position":"center center","background-size":"auto","background-attachment":"scroll","background-type":"","background-media":"","overlay-type":"","overlay-color":"","overlay-opacity":"","overlay-gradient":""}},"ast-content-background-meta":{"desktop":{"background-color":"var(--ast-global-color-5)","background-image":"","background-repeat":"repeat","background-position":"center center","background-size":"auto","background-attachment":"scroll","background-type":"","background-media":"","overlay-type":"","overlay-color":"","overlay-opacity":"","overlay-gradient":""},"tablet":{"background-color":"var(--ast-global-color-5)","background-image":"","background-repeat":"repeat","background-position":"center center","background-size":"auto","background-attachment":"scroll","background-type":"","background-media":"","overlay-type":"","overlay-color":"","overlay-opacity":"","overlay-gradient":""},"mobile":{"background-color":"var(--ast-global-color-5)","background-image":"","background-repeat":"repeat","background-position":"center center","background-size":"auto","background-attachment":"scroll","background-type":"","background-media":"","overlay-type":"","overlay-color":"","overlay-opacity":"","overlay-gradient":""}},"footnotes":""},"class_list":["post-3780","page","type-page","status-publish","hentry"],"yoast_head":"<!-- This site is optimized with the Yoast SEO plugin v27.4 - https:\/\/yoast.com\/product\/yoast-seo-wordpress\/ -->\n<title>Curso de arroces secos en Mallorca | Experiencia gastron\u00f3mica<\/title>\n<meta name=\"description\" content=\"Disfruta de un curso de arroces secos en Mallorca con chef profesional. Aprende a cocinar paellas y arroces secos en casa o en local privado.\" \/>\n<meta name=\"robots\" content=\"index, follow, max-snippet:-1, max-image-preview:large, max-video-preview:-1\" \/>\n<link rel=\"canonical\" href=\"https:\/\/somoscanayas.com\/en\/curso-de-arroces\/\" \/>\n<meta property=\"og:locale\" content=\"en_GB\" \/>\n<meta property=\"og:type\" content=\"article\" \/>\n<meta property=\"og:title\" content=\"Curso de arroces secos en Mallorca | Experiencia gastron\u00f3mica\" \/>\n<meta property=\"og:description\" content=\"Disfruta de un curso de arroces secos en Mallorca con chef profesional. Aprende a cocinar paellas y arroces secos en casa o en local privado.\" \/>\n<meta property=\"og:url\" content=\"https:\/\/somoscanayas.com\/en\/curso-de-arroces\/\" \/>\n<meta property=\"og:site_name\" content=\"Canayas by Chef Jarauta\" \/>\n<meta property=\"article:modified_time\" content=\"2026-01-19T16:51:39+00:00\" \/>\n<meta name=\"twitter:card\" content=\"summary_large_image\" \/>\n<meta name=\"twitter:label1\" content=\"Estimated reading time\" \/>\n\t<meta name=\"twitter:data1\" content=\"2 minutes\" \/>\n<script type=\"application\/ld+json\" class=\"yoast-schema-graph\">{\"@context\":\"https:\\\/\\\/schema.org\",\"@graph\":[{\"@type\":\"WebPage\",\"@id\":\"https:\\\/\\\/somoscanayas.com\\\/curso-de-arroces\\\/\",\"url\":\"https:\\\/\\\/somoscanayas.com\\\/curso-de-arroces\\\/\",\"name\":\"Curso de arroces secos en Mallorca | Experiencia gastron\u00f3mica\",\"isPartOf\":{\"@id\":\"https:\\\/\\\/somoscanayas.com\\\/#website\"},\"datePublished\":\"2024-11-05T19:41:34+00:00\",\"dateModified\":\"2026-01-19T16:51:39+00:00\",\"description\":\"Disfruta de un curso de arroces secos en Mallorca con chef profesional. Aprende a cocinar paellas y arroces secos en casa o en local privado.\",\"breadcrumb\":{\"@id\":\"https:\\\/\\\/somoscanayas.com\\\/curso-de-arroces\\\/#breadcrumb\"},\"inLanguage\":\"en-GB\",\"potentialAction\":[{\"@type\":\"ReadAction\",\"target\":[\"https:\\\/\\\/somoscanayas.com\\\/curso-de-arroces\\\/\"]}]},{\"@type\":\"BreadcrumbList\",\"@id\":\"https:\\\/\\\/somoscanayas.com\\\/curso-de-arroces\\\/#breadcrumb\",\"itemListElement\":[{\"@type\":\"ListItem\",\"position\":1,\"name\":\"Home\",\"item\":\"https:\\\/\\\/somoscanayas.com\\\/\"},{\"@type\":\"ListItem\",\"position\":2,\"name\":\"Curso de arroces\"}]},{\"@type\":\"WebSite\",\"@id\":\"https:\\\/\\\/somoscanayas.com\\\/#website\",\"url\":\"https:\\\/\\\/somoscanayas.com\\\/\",\"name\":\"Canayas by Chef Jarauta\",\"description\":\"Chef privado para eventos y servicios a domicilio en Mallorca\",\"publisher\":{\"@id\":\"https:\\\/\\\/somoscanayas.com\\\/#organization\"},\"potentialAction\":[{\"@type\":\"SearchAction\",\"target\":{\"@type\":\"EntryPoint\",\"urlTemplate\":\"https:\\\/\\\/somoscanayas.com\\\/?s={search_term_string}\"},\"query-input\":{\"@type\":\"PropertyValueSpecification\",\"valueRequired\":true,\"valueName\":\"search_term_string\"}}],\"inLanguage\":\"en-GB\"},{\"@type\":\"Organization\",\"@id\":\"https:\\\/\\\/somoscanayas.com\\\/#organization\",\"name\":\"Canayas bu Chef Jarauta\",\"url\":\"https:\\\/\\\/somoscanayas.com\\\/\",\"logo\":{\"@type\":\"ImageObject\",\"inLanguage\":\"en-GB\",\"@id\":\"https:\\\/\\\/somoscanayas.com\\\/#\\\/schema\\\/logo\\\/image\\\/\",\"url\":\"https:\\\/\\\/somoscanayas.com\\\/wp-content\\\/uploads\\\/2023\\\/11\\\/Logo-3-Canayas-e1700135464851.png\",\"contentUrl\":\"https:\\\/\\\/somoscanayas.com\\\/wp-content\\\/uploads\\\/2023\\\/11\\\/Logo-3-Canayas-e1700135464851.png\",\"width\":1000,\"height\":348,\"caption\":\"Canayas bu Chef Jarauta\"},\"image\":{\"@id\":\"https:\\\/\\\/somoscanayas.com\\\/#\\\/schema\\\/logo\\\/image\\\/\"}}]}<\/script>\n<!-- \/ Yoast SEO plugin. -->","yoast_head_json":{"title":"Curso de arroces secos en Mallorca | Experiencia gastron\u00f3mica","description":"Disfruta de un curso de arroces secos en Mallorca con chef profesional. Aprende a cocinar paellas y arroces secos en casa o en local privado.","robots":{"index":"index","follow":"follow","max-snippet":"max-snippet:-1","max-image-preview":"max-image-preview:large","max-video-preview":"max-video-preview:-1"},"canonical":"https:\/\/somoscanayas.com\/en\/curso-de-arroces\/","og_locale":"en_GB","og_type":"article","og_title":"Curso de arroces secos en Mallorca | Experiencia gastron\u00f3mica","og_description":"Disfruta de un curso de arroces secos en Mallorca con chef profesional. Aprende a cocinar paellas y arroces secos en casa o en local privado.","og_url":"https:\/\/somoscanayas.com\/en\/curso-de-arroces\/","og_site_name":"Canayas by Chef Jarauta","article_modified_time":"2026-01-19T16:51:39+00:00","twitter_card":"summary_large_image","twitter_misc":{"Estimated reading time":"2 minutes"},"schema":{"@context":"https:\/\/schema.org","@graph":[{"@type":"WebPage","@id":"https:\/\/somoscanayas.com\/curso-de-arroces\/","url":"https:\/\/somoscanayas.com\/curso-de-arroces\/","name":"Curso de arroces secos en Mallorca | Experiencia gastron\u00f3mica","isPartOf":{"@id":"https:\/\/somoscanayas.com\/#website"},"datePublished":"2024-11-05T19:41:34+00:00","dateModified":"2026-01-19T16:51:39+00:00","description":"Disfruta de un curso de arroces secos en Mallorca con chef profesional. Aprende a cocinar paellas y arroces secos en casa o en local privado.","breadcrumb":{"@id":"https:\/\/somoscanayas.com\/curso-de-arroces\/#breadcrumb"},"inLanguage":"en-GB","potentialAction":[{"@type":"ReadAction","target":["https:\/\/somoscanayas.com\/curso-de-arroces\/"]}]},{"@type":"BreadcrumbList","@id":"https:\/\/somoscanayas.com\/curso-de-arroces\/#breadcrumb","itemListElement":[{"@type":"ListItem","position":1,"name":"Home","item":"https:\/\/somoscanayas.com\/"},{"@type":"ListItem","position":2,"name":"Curso de arroces"}]},{"@type":"WebSite","@id":"https:\/\/somoscanayas.com\/#website","url":"https:\/\/somoscanayas.com\/","name":"Canayas by Chef Jarauta","description":"Private chef for events and home services in Mallorca","publisher":{"@id":"https:\/\/somoscanayas.com\/#organization"},"potentialAction":[{"@type":"SearchAction","target":{"@type":"EntryPoint","urlTemplate":"https:\/\/somoscanayas.com\/?s={search_term_string}"},"query-input":{"@type":"PropertyValueSpecification","valueRequired":true,"valueName":"search_term_string"}}],"inLanguage":"en-GB"},{"@type":"Organization","@id":"https:\/\/somoscanayas.com\/#organization","name":"Canayas bu Chef Jarauta","url":"https:\/\/somoscanayas.com\/","logo":{"@type":"ImageObject","inLanguage":"en-GB","@id":"https:\/\/somoscanayas.com\/#\/schema\/logo\/image\/","url":"https:\/\/somoscanayas.com\/wp-content\/uploads\/2023\/11\/Logo-3-Canayas-e1700135464851.png","contentUrl":"https:\/\/somoscanayas.com\/wp-content\/uploads\/2023\/11\/Logo-3-Canayas-e1700135464851.png","width":1000,"height":348,"caption":"Canayas bu Chef Jarauta"},"image":{"@id":"https:\/\/somoscanayas.com\/#\/schema\/logo\/image\/"}}]}},"_links":{"self":[{"href":"https:\/\/somoscanayas.com\/en\/wp-json\/wp\/v2\/pages\/3780","targetHints":{"allow":["GET"]}}],"collection":[{"href":"https:\/\/somoscanayas.com\/en\/wp-json\/wp\/v2\/pages"}],"about":[{"href":"https:\/\/somoscanayas.com\/en\/wp-json\/wp\/v2\/types\/page"}],"author":[{"embeddable":true,"href":"https:\/\/somoscanayas.com\/en\/wp-json\/wp\/v2\/users\/1"}],"replies":[{"embeddable":true,"href":"https:\/\/somoscanayas.com\/en\/wp-json\/wp\/v2\/comments?post=3780"}],"version-history":[{"count":60,"href":"https:\/\/somoscanayas.com\/en\/wp-json\/wp\/v2\/pages\/3780\/revisions"}],"predecessor-version":[{"id":4697,"href":"https:\/\/somoscanayas.com\/en\/wp-json\/wp\/v2\/pages\/3780\/revisions\/4697"}],"wp:attachment":[{"href":"https:\/\/somoscanayas.com\/en\/wp-json\/wp\/v2\/media?parent=3780"}],"curies":[{"name":"wp","href":"https:\/\/api.w.org\/{rel}","templated":true}]}}