{"id":2538,"date":"2024-05-23T10:57:53","date_gmt":"2024-05-23T10:57:53","guid":{"rendered":"https:\/\/e-ventscompany.com\/?page_id=2538"},"modified":"2025-12-17T17:51:35","modified_gmt":"2025-12-17T17:51:35","slug":"desayunos-y-brunchs","status":"publish","type":"page","link":"https:\/\/somoscanayas.com\/en\/desayunos-y-brunchs\/","title":{"rendered":"Breakfasts and brunches"},"content":{"rendered":"<div data-elementor-type=\"wp-post\" data-elementor-id=\"2538\" class=\"elementor elementor-2538\">\n\t\t\t\t\t\t<section class=\"elementor-section elementor-top-section elementor-element elementor-element-7a67003e elementor-section-content-bottom elementor-section-boxed elementor-section-height-default elementor-section-height-default\" data-id=\"7a67003e\" data-element_type=\"section\" data-e-type=\"section\" data-settings=\"{&quot;background_background&quot;:&quot;classic&quot;}\">\n\t\t\t\t\t\t\t<div class=\"elementor-background-overlay\"><\/div>\n\t\t\t\t\t\t\t<div class=\"elementor-container elementor-column-gap-no\">\n\t\t\t\t\t<div class=\"elementor-column elementor-col-100 elementor-top-column elementor-element elementor-element-33d4ffce\" data-id=\"33d4ffce\" data-element_type=\"column\" data-e-type=\"column\">\n\t\t\t<div class=\"elementor-widget-wrap elementor-element-populated\">\n\t\t\t\t\t\t<div class=\"elementor-element elementor-element-7177b13c elementor-widget elementor-widget-heading\" data-id=\"7177b13c\" data-element_type=\"widget\" data-e-type=\"widget\" data-widget_type=\"heading.default\">\n\t\t\t\t<div class=\"elementor-widget-container\">\n\t\t\t\t\t<h1 class=\"elementor-heading-title elementor-size-default\">Private chef for breakfasts and brunches in Mallorca<\/h1>\t\t\t\t<\/div>\n\t\t\t\t<\/div>\n\t\t\t\t\t<\/div>\n\t\t<\/div>\n\t\t\t\t\t<\/div>\n\t\t<\/section>\n\t\t\t\t<section class=\"elementor-section elementor-top-section elementor-element elementor-element-6aad2d1 elementor-section-content-middle elementor-section-boxed elementor-section-height-default elementor-section-height-default\" data-id=\"6aad2d1\" data-element_type=\"section\" data-e-type=\"section\" data-settings=\"{&quot;background_background&quot;:&quot;classic&quot;}\">\n\t\t\t\t\t\t<div class=\"elementor-container elementor-column-gap-no\">\n\t\t\t\t\t<div class=\"elementor-column elementor-col-100 elementor-top-column elementor-element elementor-element-3b917d8d\" data-id=\"3b917d8d\" data-element_type=\"column\" data-e-type=\"column\">\n\t\t\t<div class=\"elementor-widget-wrap elementor-element-populated\">\n\t\t\t\t\t\t<div class=\"elementor-element elementor-element-306512da elementor-widget elementor-widget-heading\" data-id=\"306512da\" data-element_type=\"widget\" data-e-type=\"widget\" data-widget_type=\"heading.default\">\n\t\t\t\t<div class=\"elementor-widget-container\">\n\t\t\t\t\t<h2 class=\"elementor-heading-title elementor-size-default\">The comfort of waking up to the most exclusive breakfast or brunch.<\/h2>\t\t\t\t<\/div>\n\t\t\t\t<\/div>\n\t\t\t\t<div class=\"elementor-element elementor-element-187d7025 elementor-widget-divider--view-line elementor-widget elementor-widget-divider\" data-id=\"187d7025\" data-element_type=\"widget\" data-e-type=\"widget\" data-widget_type=\"divider.default\">\n\t\t\t\t<div class=\"elementor-widget-container\">\n\t\t\t\t\t\t\t<div class=\"elementor-divider\">\n\t\t\t<span class=\"elementor-divider-separator\">\n\t\t\t\t\t\t<\/span>\n\t\t<\/div>\n\t\t\t\t\t\t<\/div>\n\t\t\t\t<\/div>\n\t\t\t\t<div class=\"elementor-element elementor-element-24822a22 elementor-widget elementor-widget-text-editor\" data-id=\"24822a22\" data-element_type=\"widget\" data-e-type=\"widget\" data-widget_type=\"text-editor.default\">\n\t\t\t\t<div class=\"elementor-widget-container\">\n\t\t\t\t\t\t\t\t\t<p>Imagine starting your day with the smell of freshly brewed coffee. Sounds good, doesn't it?\u00a0\u00a0<\/p><p>Now imagine if we could bring your favourite breakfast to the table, or even surprise you with a selection of dishes. Possibly your day would start in a completely different way. That's why we come to offer you the best breakfasts and brunches in Mallorca.<\/p><p>From classic continental breakfasts to innovative gourmet creations, each dish will be prepared with the freshest and highest quality ingredients. Whether you prefer a light and healthy breakfast or an extravagant brunch, we tailor the menu to your tastes and preferences with impeccable table presentation and the utmost attention and dedication.<\/p><p><strong>Once you contact us, we will give you a choice of different menus so that you can choose the one that best suits your breakfast or brunch. Once there, all you have to do is relax and leave everything in our hands. And you won't have to worry about cleaning up afterwards, we'll clean the kitchen completely.<\/strong><\/p><p>Contact us today to enjoy the best breakfasts and brunches in Mallorca without leaving home!<\/p>\t\t\t\t\t\t\t\t<\/div>\n\t\t\t\t<\/div>\n\t\t\t\t\t<\/div>\n\t\t<\/div>\n\t\t\t\t\t<\/div>\n\t\t<\/section>\n\t\t\t\t<section class=\"elementor-section elementor-inner-section elementor-element elementor-element-5d54f50b elementor-section-boxed elementor-section-height-default elementor-section-height-default\" data-id=\"5d54f50b\" data-element_type=\"section\" data-e-type=\"section\" data-settings=\"{&quot;background_background&quot;:&quot;classic&quot;}\">\n\t\t\t\t\t\t<div class=\"elementor-container elementor-column-gap-default\">\n\t\t\t\t\t<div class=\"elementor-column elementor-col-33 elementor-inner-column elementor-element elementor-element-4ec262b7\" data-id=\"4ec262b7\" data-element_type=\"column\" data-e-type=\"column\" data-settings=\"{&quot;background_background&quot;:&quot;classic&quot;}\">\n\t\t\t<div class=\"elementor-widget-wrap elementor-element-populated\">\n\t\t\t\t\t\t<div class=\"elementor-element elementor-element-529e34a elementor-widget elementor-widget-spacer\" data-id=\"529e34a\" data-element_type=\"widget\" data-e-type=\"widget\" data-widget_type=\"spacer.default\">\n\t\t\t\t<div class=\"elementor-widget-container\">\n\t\t\t\t\t\t\t<div class=\"elementor-spacer\">\n\t\t\t<div class=\"elementor-spacer-inner\"><\/div>\n\t\t<\/div>\n\t\t\t\t\t\t<\/div>\n\t\t\t\t<\/div>\n\t\t\t\t<div class=\"elementor-element elementor-element-92aacfa elementor-widget elementor-widget-spacer\" data-id=\"92aacfa\" data-element_type=\"widget\" data-e-type=\"widget\" data-widget_type=\"spacer.default\">\n\t\t\t\t<div class=\"elementor-widget-container\">\n\t\t\t\t\t\t\t<div class=\"elementor-spacer\">\n\t\t\t<div class=\"elementor-spacer-inner\"><\/div>\n\t\t<\/div>\n\t\t\t\t\t\t<\/div>\n\t\t\t\t<\/div>\n\t\t\t\t\t<\/div>\n\t\t<\/div>\n\t\t\t\t<div class=\"elementor-column elementor-col-33 elementor-inner-column elementor-element elementor-element-252fb45\" data-id=\"252fb45\" data-element_type=\"column\" data-e-type=\"column\" data-settings=\"{&quot;background_background&quot;:&quot;classic&quot;}\">\n\t\t\t<div class=\"elementor-widget-wrap elementor-element-populated\">\n\t\t\t\t\t\t<div class=\"elementor-element elementor-element-4485fcf6 elementor-widget elementor-widget-spacer\" data-id=\"4485fcf6\" data-element_type=\"widget\" data-e-type=\"widget\" data-widget_type=\"spacer.default\">\n\t\t\t\t<div class=\"elementor-widget-container\">\n\t\t\t\t\t\t\t<div class=\"elementor-spacer\">\n\t\t\t<div class=\"elementor-spacer-inner\"><\/div>\n\t\t<\/div>\n\t\t\t\t\t\t<\/div>\n\t\t\t\t<\/div>\n\t\t\t\t<div class=\"elementor-element elementor-element-7ab59504 elementor-widget elementor-widget-spacer\" data-id=\"7ab59504\" data-element_type=\"widget\" data-e-type=\"widget\" data-widget_type=\"spacer.default\">\n\t\t\t\t<div class=\"elementor-widget-container\">\n\t\t\t\t\t\t\t<div class=\"elementor-spacer\">\n\t\t\t<div class=\"elementor-spacer-inner\"><\/div>\n\t\t<\/div>\n\t\t\t\t\t\t<\/div>\n\t\t\t\t<\/div>\n\t\t\t\t\t<\/div>\n\t\t<\/div>\n\t\t\t\t<div class=\"elementor-column elementor-col-33 elementor-inner-column elementor-element elementor-element-12552025\" data-id=\"12552025\" data-element_type=\"column\" data-e-type=\"column\" data-settings=\"{&quot;background_background&quot;:&quot;classic&quot;}\">\n\t\t\t<div class=\"elementor-widget-wrap elementor-element-populated\">\n\t\t\t\t\t\t<div class=\"elementor-element elementor-element-2cc6d5a elementor-widget elementor-widget-spacer\" data-id=\"2cc6d5a\" data-element_type=\"widget\" data-e-type=\"widget\" data-widget_type=\"spacer.default\">\n\t\t\t\t<div class=\"elementor-widget-container\">\n\t\t\t\t\t\t\t<div class=\"elementor-spacer\">\n\t\t\t<div class=\"elementor-spacer-inner\"><\/div>\n\t\t<\/div>\n\t\t\t\t\t\t<\/div>\n\t\t\t\t<\/div>\n\t\t\t\t<div class=\"elementor-element elementor-element-6eb83089 elementor-widget elementor-widget-spacer\" data-id=\"6eb83089\" data-element_type=\"widget\" data-e-type=\"widget\" data-widget_type=\"spacer.default\">\n\t\t\t\t<div class=\"elementor-widget-container\">\n\t\t\t\t\t\t\t<div class=\"elementor-spacer\">\n\t\t\t<div class=\"elementor-spacer-inner\"><\/div>\n\t\t<\/div>\n\t\t\t\t\t\t<\/div>\n\t\t\t\t<\/div>\n\t\t\t\t\t<\/div>\n\t\t<\/div>\n\t\t\t\t\t<\/div>\n\t\t<\/section>\n\t\t\t\t<section class=\"elementor-section elementor-top-section elementor-element elementor-element-3467a52 elementor-section-boxed elementor-section-height-default elementor-section-height-default\" data-id=\"3467a52\" data-element_type=\"section\" data-e-type=\"section\" data-settings=\"{&quot;background_background&quot;:&quot;classic&quot;}\">\n\t\t\t\t\t\t<div class=\"elementor-container elementor-column-gap-default\">\n\t\t\t\t\t<div class=\"elementor-column elementor-col-100 elementor-top-column elementor-element elementor-element-855d352\" data-id=\"855d352\" data-element_type=\"column\" data-e-type=\"column\">\n\t\t\t<div class=\"elementor-widget-wrap elementor-element-populated\">\n\t\t\t\t\t\t<div class=\"elementor-element elementor-element-1da4475 elementor-widget elementor-widget-text-editor\" data-id=\"1da4475\" data-element_type=\"widget\" data-e-type=\"widget\" data-widget_type=\"text-editor.default\">\n\t\t\t\t<div class=\"elementor-widget-container\">\n\t\t\t\t\t\t\t\t\t<p><span style=\"color: #000000;\">Have a look at<\/span> <span style=\"color: #993300;\"><a style=\"color: #993300;\" href=\"https:\/\/somoscanayas.com\/en\/galeria\/\" target=\"_blank\" rel=\"noopener\"><span style=\"text-decoration: underline;\">our gallery<\/span><\/a><\/span><\/p>\t\t\t\t\t\t\t\t<\/div>\n\t\t\t\t<\/div>\n\t\t\t\t\t<\/div>\n\t\t<\/div>\n\t\t\t\t\t<\/div>\n\t\t<\/section>\n\t\t\t\t<\/div>","protected":false},"excerpt":{"rendered":"<p>Chef privado para desayunos y brunchs en Mallorca La comodidad de despertar con el desayuno o brunch m\u00e1s exclusivo Imagina comenzar tu d\u00eda con olor a caf\u00e9 reci\u00e9n hecho. Pinta bien \u00bfno?\u00a0\u00a0 Pues ahora imag\u00ednate que te pudi\u00e9semos traer a la mesa tu desayuno favorito, o incluso sorprenderte con una selecci\u00f3n de platos. Posiblemente tu [&hellip;]<\/p>\n","protected":false},"author":1,"featured_media":0,"parent":0,"menu_order":0,"comment_status":"closed","ping_status":"closed","template":"","meta":{"site-sidebar-layout":"no-sidebar","site-content-layout":"page-builder","ast-site-content-layout":"full-width-container","site-content-style":"unboxed","site-sidebar-style":"unboxed","ast-global-header-display":"","ast-banner-title-visibility":"","ast-main-header-display":"","ast-hfb-above-header-display":"","ast-hfb-below-header-display":"","ast-hfb-mobile-header-display":"","site-post-title":"disabled","ast-breadcrumbs-content":"","ast-featured-img":"disabled","footer-sml-layout":"","ast-disable-related-posts":"","theme-transparent-header-meta":"","adv-header-id-meta":"","stick-header-meta":"","header-above-stick-meta":"","header-main-stick-meta":"","header-below-stick-meta":"","astra-migrate-meta-layouts":"set","ast-page-background-enabled":"default","ast-page-background-meta":{"desktop":{"background-color":"","background-image":"","background-repeat":"repeat","background-position":"center center","background-size":"auto","background-attachment":"scroll","background-type":"","background-media":"","overlay-type":"","overlay-color":"","overlay-opacity":"","overlay-gradient":""},"tablet":{"background-color":"","background-image":"","background-repeat":"repeat","background-position":"center center","background-size":"auto","background-attachment":"scroll","background-type":"","background-media":"","overlay-type":"","overlay-color":"","overlay-opacity":"","overlay-gradient":""},"mobile":{"background-color":"","background-image":"","background-repeat":"repeat","background-position":"center center","background-size":"auto","background-attachment":"scroll","background-type":"","background-media":"","overlay-type":"","overlay-color":"","overlay-opacity":"","overlay-gradient":""}},"ast-content-background-meta":{"desktop":{"background-color":"var(--ast-global-color-5)","background-image":"","background-repeat":"repeat","background-position":"center center","background-size":"auto","background-attachment":"scroll","background-type":"","background-media":"","overlay-type":"","overlay-color":"","overlay-opacity":"","overlay-gradient":""},"tablet":{"background-color":"var(--ast-global-color-5)","background-image":"","background-repeat":"repeat","background-position":"center center","background-size":"auto","background-attachment":"scroll","background-type":"","background-media":"","overlay-type":"","overlay-color":"","overlay-opacity":"","overlay-gradient":""},"mobile":{"background-color":"var(--ast-global-color-5)","background-image":"","background-repeat":"repeat","background-position":"center center","background-size":"auto","background-attachment":"scroll","background-type":"","background-media":"","overlay-type":"","overlay-color":"","overlay-opacity":"","overlay-gradient":""}},"footnotes":""},"class_list":["post-2538","page","type-page","status-publish","hentry"],"yoast_head":"<!-- This site is optimized with the Yoast SEO plugin v27.1.1 - https:\/\/yoast.com\/product\/yoast-seo-wordpress\/ -->\n<title>Desayunos y brunchs en Mallorca | Canayas by Chef Jarauta<\/title>\n<meta name=\"description\" content=\"\ud83e\udd5e\ud83c\udf73Si quieres disfrutar de los mejores desayunos y brunchs a domicilio en Mallorca, estamos aqu\u00ed para ofrec\u00e9rtelo\ud83e\udd5e\ud83c\udf73.\" \/>\n<meta name=\"robots\" content=\"index, follow, max-snippet:-1, max-image-preview:large, max-video-preview:-1\" \/>\n<link rel=\"canonical\" href=\"https:\/\/somoscanayas.com\/en\/desayunos-y-brunchs\/\" \/>\n<meta property=\"og:locale\" content=\"en_GB\" \/>\n<meta property=\"og:type\" content=\"article\" \/>\n<meta property=\"og:title\" content=\"Desayunos y brunchs en Mallorca | Canayas by Chef Jarauta\" \/>\n<meta property=\"og:description\" content=\"\ud83e\udd5e\ud83c\udf73Si quieres disfrutar de los mejores desayunos y brunchs a domicilio en Mallorca, estamos aqu\u00ed para ofrec\u00e9rtelo\ud83e\udd5e\ud83c\udf73.\" \/>\n<meta property=\"og:url\" content=\"https:\/\/somoscanayas.com\/en\/desayunos-y-brunchs\/\" \/>\n<meta property=\"og:site_name\" content=\"Canayas by Chef Jarauta\" \/>\n<meta property=\"article:modified_time\" content=\"2025-12-17T17:51:35+00:00\" \/>\n<meta name=\"twitter:card\" content=\"summary_large_image\" \/>\n<meta name=\"twitter:label1\" content=\"Estimated reading time\" \/>\n\t<meta name=\"twitter:data1\" content=\"1 minute\" \/>\n<script type=\"application\/ld+json\" class=\"yoast-schema-graph\">{\"@context\":\"https:\/\/schema.org\",\"@graph\":[{\"@type\":\"WebPage\",\"@id\":\"https:\/\/somoscanayas.com\/desayunos-y-brunchs\/\",\"url\":\"https:\/\/somoscanayas.com\/desayunos-y-brunchs\/\",\"name\":\"Desayunos y brunchs en Mallorca | Canayas by Chef Jarauta\",\"isPartOf\":{\"@id\":\"https:\/\/somoscanayas.com\/#website\"},\"datePublished\":\"2024-05-23T10:57:53+00:00\",\"dateModified\":\"2025-12-17T17:51:35+00:00\",\"description\":\"\ud83e\udd5e\ud83c\udf73Si quieres disfrutar de los mejores desayunos y brunchs a domicilio en Mallorca, estamos aqu\u00ed para ofrec\u00e9rtelo\ud83e\udd5e\ud83c\udf73.\",\"breadcrumb\":{\"@id\":\"https:\/\/somoscanayas.com\/desayunos-y-brunchs\/#breadcrumb\"},\"inLanguage\":\"en-GB\",\"potentialAction\":[{\"@type\":\"ReadAction\",\"target\":[\"https:\/\/somoscanayas.com\/desayunos-y-brunchs\/\"]}]},{\"@type\":\"BreadcrumbList\",\"@id\":\"https:\/\/somoscanayas.com\/desayunos-y-brunchs\/#breadcrumb\",\"itemListElement\":[{\"@type\":\"ListItem\",\"position\":1,\"name\":\"Home\",\"item\":\"https:\/\/somoscanayas.com\/\"},{\"@type\":\"ListItem\",\"position\":2,\"name\":\"Desayunos y brunchs\"}]},{\"@type\":\"WebSite\",\"@id\":\"https:\/\/somoscanayas.com\/#website\",\"url\":\"https:\/\/somoscanayas.com\/\",\"name\":\"Canayas by Chef Jarauta\",\"description\":\"Chef privado para eventos y servicios a domicilio en Mallorca\",\"publisher\":{\"@id\":\"https:\/\/somoscanayas.com\/#organization\"},\"potentialAction\":[{\"@type\":\"SearchAction\",\"target\":{\"@type\":\"EntryPoint\",\"urlTemplate\":\"https:\/\/somoscanayas.com\/?s={search_term_string}\"},\"query-input\":{\"@type\":\"PropertyValueSpecification\",\"valueRequired\":true,\"valueName\":\"search_term_string\"}}],\"inLanguage\":\"en-GB\"},{\"@type\":\"Organization\",\"@id\":\"https:\/\/somoscanayas.com\/#organization\",\"name\":\"Canayas bu Chef Jarauta\",\"url\":\"https:\/\/somoscanayas.com\/\",\"logo\":{\"@type\":\"ImageObject\",\"inLanguage\":\"en-GB\",\"@id\":\"https:\/\/somoscanayas.com\/#\/schema\/logo\/image\/\",\"url\":\"https:\/\/somoscanayas.com\/wp-content\/uploads\/2023\/11\/Logo-3-Canayas-e1700135464851.png\",\"contentUrl\":\"https:\/\/somoscanayas.com\/wp-content\/uploads\/2023\/11\/Logo-3-Canayas-e1700135464851.png\",\"width\":1000,\"height\":348,\"caption\":\"Canayas bu Chef Jarauta\"},\"image\":{\"@id\":\"https:\/\/somoscanayas.com\/#\/schema\/logo\/image\/\"}}]}<\/script>\n<!-- \/ Yoast SEO plugin. -->","yoast_head_json":{"title":"Desayunos y brunchs en Mallorca | Canayas by Chef Jarauta","description":"\ud83e\udd5e\ud83c\udf73Si quieres disfrutar de los mejores desayunos y brunchs a domicilio en Mallorca, estamos aqu\u00ed para ofrec\u00e9rtelo\ud83e\udd5e\ud83c\udf73.","robots":{"index":"index","follow":"follow","max-snippet":"max-snippet:-1","max-image-preview":"max-image-preview:large","max-video-preview":"max-video-preview:-1"},"canonical":"https:\/\/somoscanayas.com\/en\/desayunos-y-brunchs\/","og_locale":"en_GB","og_type":"article","og_title":"Desayunos y brunchs en Mallorca | Canayas by Chef Jarauta","og_description":"\ud83e\udd5e\ud83c\udf73Si quieres disfrutar de los mejores desayunos y brunchs a domicilio en Mallorca, estamos aqu\u00ed para ofrec\u00e9rtelo\ud83e\udd5e\ud83c\udf73.","og_url":"https:\/\/somoscanayas.com\/en\/desayunos-y-brunchs\/","og_site_name":"Canayas by Chef Jarauta","article_modified_time":"2025-12-17T17:51:35+00:00","twitter_card":"summary_large_image","twitter_misc":{"Estimated reading time":"1 minute"},"schema":{"@context":"https:\/\/schema.org","@graph":[{"@type":"WebPage","@id":"https:\/\/somoscanayas.com\/desayunos-y-brunchs\/","url":"https:\/\/somoscanayas.com\/desayunos-y-brunchs\/","name":"Desayunos y brunchs en Mallorca | Canayas by Chef Jarauta","isPartOf":{"@id":"https:\/\/somoscanayas.com\/#website"},"datePublished":"2024-05-23T10:57:53+00:00","dateModified":"2025-12-17T17:51:35+00:00","description":"\ud83e\udd5e\ud83c\udf73Si quieres disfrutar de los mejores desayunos y brunchs a domicilio en Mallorca, estamos aqu\u00ed para ofrec\u00e9rtelo\ud83e\udd5e\ud83c\udf73.","breadcrumb":{"@id":"https:\/\/somoscanayas.com\/desayunos-y-brunchs\/#breadcrumb"},"inLanguage":"en-GB","potentialAction":[{"@type":"ReadAction","target":["https:\/\/somoscanayas.com\/desayunos-y-brunchs\/"]}]},{"@type":"BreadcrumbList","@id":"https:\/\/somoscanayas.com\/desayunos-y-brunchs\/#breadcrumb","itemListElement":[{"@type":"ListItem","position":1,"name":"Home","item":"https:\/\/somoscanayas.com\/"},{"@type":"ListItem","position":2,"name":"Desayunos y brunchs"}]},{"@type":"WebSite","@id":"https:\/\/somoscanayas.com\/#website","url":"https:\/\/somoscanayas.com\/","name":"Canayas by Chef Jarauta","description":"Private chef for events and home services in Mallorca","publisher":{"@id":"https:\/\/somoscanayas.com\/#organization"},"potentialAction":[{"@type":"SearchAction","target":{"@type":"EntryPoint","urlTemplate":"https:\/\/somoscanayas.com\/?s={search_term_string}"},"query-input":{"@type":"PropertyValueSpecification","valueRequired":true,"valueName":"search_term_string"}}],"inLanguage":"en-GB"},{"@type":"Organization","@id":"https:\/\/somoscanayas.com\/#organization","name":"Canayas bu Chef Jarauta","url":"https:\/\/somoscanayas.com\/","logo":{"@type":"ImageObject","inLanguage":"en-GB","@id":"https:\/\/somoscanayas.com\/#\/schema\/logo\/image\/","url":"https:\/\/somoscanayas.com\/wp-content\/uploads\/2023\/11\/Logo-3-Canayas-e1700135464851.png","contentUrl":"https:\/\/somoscanayas.com\/wp-content\/uploads\/2023\/11\/Logo-3-Canayas-e1700135464851.png","width":1000,"height":348,"caption":"Canayas bu Chef Jarauta"},"image":{"@id":"https:\/\/somoscanayas.com\/#\/schema\/logo\/image\/"}}]}},"_links":{"self":[{"href":"https:\/\/somoscanayas.com\/en\/wp-json\/wp\/v2\/pages\/2538","targetHints":{"allow":["GET"]}}],"collection":[{"href":"https:\/\/somoscanayas.com\/en\/wp-json\/wp\/v2\/pages"}],"about":[{"href":"https:\/\/somoscanayas.com\/en\/wp-json\/wp\/v2\/types\/page"}],"author":[{"embeddable":true,"href":"https:\/\/somoscanayas.com\/en\/wp-json\/wp\/v2\/users\/1"}],"replies":[{"embeddable":true,"href":"https:\/\/somoscanayas.com\/en\/wp-json\/wp\/v2\/comments?post=2538"}],"version-history":[{"count":81,"href":"https:\/\/somoscanayas.com\/en\/wp-json\/wp\/v2\/pages\/2538\/revisions"}],"predecessor-version":[{"id":4509,"href":"https:\/\/somoscanayas.com\/en\/wp-json\/wp\/v2\/pages\/2538\/revisions\/4509"}],"wp:attachment":[{"href":"https:\/\/somoscanayas.com\/en\/wp-json\/wp\/v2\/media?parent=2538"}],"curies":[{"name":"wp","href":"https:\/\/api.w.org\/{rel}","templated":true}]}}